{"id":2,"date":"2025-09-11T22:39:45","date_gmt":"2025-09-11T22:39:45","guid":{"rendered":"http:\/\/xn--lectures-chrtiennes-mzb.fr\/?page_id=2"},"modified":"2025-10-09T14:16:59","modified_gmt":"2025-10-09T14:16:59","slug":"sample-page","status":"publish","type":"page","link":"https:\/\/xn--lectures-chrtiennes-mzb.fr\/?page_id=2","title":{"rendered":"A Propos"},"content":{"rendered":"\n<p>Le projet lectures-chr\u00e9tiennes est n\u00e9 au sein de notre paroisse: Notre Dame en Cit\u00e9 d&rsquo;Arras. Le dynamisme retrouv\u00e9 de nos communaut\u00e9s s&rsquo;accompagne d&rsquo;un demande importante de formation th\u00e9ologique, morale, culturelle, historique, patrimoniale. Parall\u00e8lement, l&rsquo;activit\u00e9 \u00e9ditoriale des maisons d&rsquo;\u00e9dition chr\u00e9tiennes est remarquable mais peine parfois \u00e0 rencontrer un public catholique. Notre projet vise \u00e0 favoriser cette rencontre et \u00e0 r\u00e9pondre \u00e0 la soif de connaissances de chacun en faisant n\u00f4tre cette recommandation de Saint Basile de C\u00e9sar\u00e9e:<\/p>\n\n\n\n<blockquote class=\"wp-block-quote is-layout-flow wp-block-quote-is-layout-flow\">\n<p>\u00ab Comme l\u2019abeille recueille le nectar des fleurs pour en faire son miel, ainsi nous devons tirer profit de nos lectures. \u00bb<\/p>\n<\/blockquote>\n","protected":false},"excerpt":{"rendered":"<p>Le projet lectures-chr\u00e9tiennes est n\u00e9 au sein de notre paroisse: Notre Dame en Cit\u00e9 d&rsquo;Arras. Le dynamisme retrouv\u00e9 de nos communaut\u00e9s s&rsquo;accompagne d&rsquo;un demande importante de formation th\u00e9ologique, morale, culturelle, historique, patrimoniale. Parall\u00e8lement, l&rsquo;activit\u00e9&#46;&#46;&#46;<\/p>\n","protected":false},"author":1,"featured_media":0,"parent":0,"menu_order":0,"comment_status":"closed","ping_status":"open","template":"","meta":{"footnotes":""},"class_list":["post-2","page","type-page","status-publish","hentry"],"_links":{"self":[{"href":"https:\/\/xn--lectures-chrtiennes-mzb.fr\/index.php?rest_route=\/wp\/v2\/pages\/2","targetHints":{"allow":["GET"]}}],"collection":[{"href":"https:\/\/xn--lectures-chrtiennes-mzb.fr\/index.php?rest_route=\/wp\/v2\/pages"}],"about":[{"href":"https:\/\/xn--lectures-chrtiennes-mzb.fr\/index.php?rest_route=\/wp\/v2\/types\/page"}],"author":[{"embeddable":true,"href":"https:\/\/xn--lectures-chrtiennes-mzb.fr\/index.php?rest_route=\/wp\/v2\/users\/1"}],"replies":[{"embeddable":true,"href":"https:\/\/xn--lectures-chrtiennes-mzb.fr\/index.php?rest_route=%2Fwp%2Fv2%2Fcomments&post=2"}],"version-history":[{"count":6,"href":"https:\/\/xn--lectures-chrtiennes-mzb.fr\/index.php?rest_route=\/wp\/v2\/pages\/2\/revisions"}],"predecessor-version":[{"id":218,"href":"https:\/\/xn--lectures-chrtiennes-mzb.fr\/index.php?rest_route=\/wp\/v2\/pages\/2\/revisions\/218"}],"wp:attachment":[{"href":"https:\/\/xn--lectures-chrtiennes-mzb.fr\/index.php?rest_route=%2Fwp%2Fv2%2Fmedia&parent=2"}],"curies":[{"name":"wp","href":"https:\/\/api.w.org\/{rel}","templated":true}]}}