{"id":94,"date":"2025-09-13T22:18:35","date_gmt":"2025-09-13T22:18:35","guid":{"rendered":"https:\/\/xn--lectures-chrtiennes-mzb.fr\/?page_id=94"},"modified":"2025-10-24T14:56:41","modified_gmt":"2025-10-24T14:56:41","slug":"credits","status":"publish","type":"page","link":"https:\/\/xn--lectures-chrtiennes-mzb.fr\/?page_id=94","title":{"rendered":"Cr\u00e9dits"},"content":{"rendered":"\n<p>Les livres recens\u00e9s sur le blog nous sont fournis gracieusement par les \u00e9diteurs. Nous travaillons actuellement avec les \u00e9ditions:<\/p>\n\n\n\n<ul class=\"wp-block-list\">\n<li><a href=\"https:\/\/www.laboretfides.com\/\" target=\"_blank\" rel=\"noreferrer noopener\">Labor et Fides<\/a><\/li>\n\n\n\n<li><a href=\"https:\/\/www.editionsducerf.fr\/\" target=\"_blank\" rel=\"noreferrer noopener\">Les \u00c9ditions du Cerf<\/a><\/li>\n\n\n\n<li><a href=\"https:\/\/editions-salvator.com\/\" data-type=\"link\" data-id=\"https:\/\/editions-salvator.com\/\" target=\"_blank\" rel=\"noreferrer noopener\">Les \u00c9ditions Salvator<\/a><\/li>\n\n\n\n<li><a href=\"https:\/\/www.editionsddb.fr\/\" target=\"_blank\" rel=\"noreferrer noopener\">Les \u00e9ditions Descl\u00e9e de Brouwer<\/a><\/li>\n\n\n\n<li><a href=\"https:\/\/www.mondedelabible.com\/\" target=\"_blank\" rel=\"noreferrer noopener\">Le Monde de la Bible<\/a><\/li>\n<\/ul>\n\n\n\n<hr class=\"wp-block-separator has-alpha-channel-opacity\"\/>\n\n\n\n<p>L&rsquo;image d&rsquo;accueil a \u00e9t\u00e9 g\u00e9n\u00e9r\u00e9e avec Canva \u00e0 partir de deux images:<\/p>\n\n\n\n<ul class=\"wp-block-list\">\n<li>Image by <a href=\"https:\/\/pixabay.com\/users\/bellezza87-153599\/?utm_source=link-attribution&amp;utm_medium=referral&amp;utm_campaign=image&amp;utm_content=333643\">Bellezza87<\/a> from <a href=\"https:\/\/pixabay.com\/\/?utm_source=link-attribution&amp;utm_medium=referral&amp;utm_campaign=image&amp;utm_content=333643\">Pixabay<\/a><\/li>\n\n\n\n<li>Image by <a href=\"https:\/\/pixabay.com\/users\/geralt-9301\/?utm_source=link-attribution&amp;utm_medium=referral&amp;utm_campaign=image&amp;utm_content=66700\">Gerd Altmann<\/a> from <a href=\"https:\/\/pixabay.com\/\/?utm_source=link-attribution&amp;utm_medium=referral&amp;utm_campaign=image&amp;utm_content=66700\">Pixabay<\/a><\/li>\n<\/ul>\n\n\n\n<hr class=\"wp-block-separator has-alpha-channel-opacity\"\/>\n\n\n\n<p>Responsable de la publication: Thomas Reyser<\/p>\n\n\n<div class=\"wp-block-post-author\"><div class=\"wp-block-post-author__avatar\"><img alt='' src='https:\/\/secure.gravatar.com\/avatar\/95be6e2048989925cd1cc3c18095e88af59bbcb8911c56429aa0d0f6e9b7f549?s=48&#038;d=mm&#038;r=g' srcset='https:\/\/secure.gravatar.com\/avatar\/95be6e2048989925cd1cc3c18095e88af59bbcb8911c56429aa0d0f6e9b7f549?s=96&#038;d=mm&#038;r=g 2x' class='avatar avatar-48 photo' height='48' width='48' \/><\/div><div class=\"wp-block-post-author__content\"><p class=\"wp-block-post-author__name\">Thomas REYSER<\/p><\/div><\/div>\n\n\n<ul class=\"wp-block-social-links is-layout-flex wp-block-social-links-is-layout-flex\"><li class=\"wp-social-link wp-social-link-gravatar  wp-block-social-link\"><a rel=\"me\" href=\"https:\/\/gravatar.com\/llamaricecallisto61846\" class=\"wp-block-social-link-anchor\"><svg width=\"24\" height=\"24\" viewBox=\"0 0 24 24\" version=\"1.1\" xmlns=\"http:\/\/www.w3.org\/2000\/svg\" aria-hidden=\"true\" focusable=\"false\"><path d=\"M10.8001 4.69937V10.6494C10.8001 11.1001 10.9791 11.5323 11.2978 11.851C11.6165 12.1697 12.0487 12.3487 12.4994 12.3487C12.9501 12.3487 13.3824 12.1697 13.7011 11.851C14.0198 11.5323 14.1988 11.1001 14.1988 10.6494V6.69089C15.2418 7.05861 16.1371 7.75537 16.7496 8.67617C17.3622 9.59698 17.6589 10.6919 17.595 11.796C17.5311 12.9001 17.1101 13.9535 16.3954 14.7975C15.6807 15.6415 14.711 16.2303 13.6325 16.4753C12.5541 16.7202 11.4252 16.608 10.4161 16.1555C9.40691 15.703 8.57217 14.9348 8.03763 13.9667C7.50308 12.9985 7.29769 11.8828 7.45242 10.7877C7.60714 9.69266 8.11359 8.67755 8.89545 7.89537C9.20904 7.57521 9.38364 7.14426 9.38132 6.69611C9.37899 6.24797 9.19994 5.81884 8.88305 5.50195C8.56616 5.18506 8.13704 5.00601 7.68889 5.00369C7.24075 5.00137 6.80979 5.17597 6.48964 5.48956C5.09907 6.8801 4.23369 8.7098 4.04094 10.6669C3.84819 12.624 4.34 14.5873 5.43257 16.2224C6.52515 17.8575 8.15088 19.0632 10.0328 19.634C11.9146 20.2049 13.9362 20.1055 15.753 19.3529C17.5699 18.6003 19.0695 17.241 19.9965 15.5066C20.9234 13.7722 21.2203 11.7701 20.8366 9.84133C20.4528 7.91259 19.4122 6.17658 17.892 4.92911C16.3717 3.68163 14.466 2.99987 12.4994 3C12.0487 3 11.6165 3.17904 11.2978 3.49773C10.9791 3.81643 10.8001 4.24867 10.8001 4.69937Z\" \/><\/svg><span class=\"wp-block-social-link-label screen-reader-text\">Gravatar<\/span><\/a><\/li><\/ul>\n\n\n\n<p><\/p>\n","protected":false},"excerpt":{"rendered":"<p>Les livres recens\u00e9s sur le blog nous sont fournis gracieusement par les \u00e9diteurs. Nous travaillons actuellement avec les \u00e9ditions: L&rsquo;image d&rsquo;accueil a \u00e9t\u00e9 g\u00e9n\u00e9r\u00e9e avec Canva \u00e0 partir de deux images: Responsable de la&#46;&#46;&#46;<\/p>\n","protected":false},"author":1,"featured_media":0,"parent":0,"menu_order":0,"comment_status":"closed","ping_status":"closed","template":"","meta":{"footnotes":""},"class_list":["post-94","page","type-page","status-publish","hentry"],"_links":{"self":[{"href":"https:\/\/xn--lectures-chrtiennes-mzb.fr\/index.php?rest_route=\/wp\/v2\/pages\/94","targetHints":{"allow":["GET"]}}],"collection":[{"href":"https:\/\/xn--lectures-chrtiennes-mzb.fr\/index.php?rest_route=\/wp\/v2\/pages"}],"about":[{"href":"https:\/\/xn--lectures-chrtiennes-mzb.fr\/index.php?rest_route=\/wp\/v2\/types\/page"}],"author":[{"embeddable":true,"href":"https:\/\/xn--lectures-chrtiennes-mzb.fr\/index.php?rest_route=\/wp\/v2\/users\/1"}],"replies":[{"embeddable":true,"href":"https:\/\/xn--lectures-chrtiennes-mzb.fr\/index.php?rest_route=%2Fwp%2Fv2%2Fcomments&post=94"}],"version-history":[{"count":9,"href":"https:\/\/xn--lectures-chrtiennes-mzb.fr\/index.php?rest_route=\/wp\/v2\/pages\/94\/revisions"}],"predecessor-version":[{"id":238,"href":"https:\/\/xn--lectures-chrtiennes-mzb.fr\/index.php?rest_route=\/wp\/v2\/pages\/94\/revisions\/238"}],"wp:attachment":[{"href":"https:\/\/xn--lectures-chrtiennes-mzb.fr\/index.php?rest_route=%2Fwp%2Fv2%2Fmedia&parent=94"}],"curies":[{"name":"wp","href":"https:\/\/api.w.org\/{rel}","templated":true}]}}